{"id":10,"date":"2020-05-22T14:44:17","date_gmt":"2020-05-22T12:44:17","guid":{"rendered":"https:\/\/fertec.at\/?page_id=10"},"modified":"2024-04-11T10:35:14","modified_gmt":"2024-04-11T08:35:14","slug":"home","status":"publish","type":"page","link":"https:\/\/fertec.at\/en\/","title":{"rendered":"Home"},"content":{"rendered":"<div style=\"height:50px\" aria-hidden=\"true\" class=\"wp-block-spacer\"><\/div>\n\n\n\n<h1 class=\"wp-block-heading has-text-align-center has-color-1-color has-text-color\" id=\"kompetent-losungsorientiert-und-handschlagqualitat\"><strong>Competent, solution-oriented and handshake quality.<\/strong><\/h1>\n\n\n\n<div style=\"height:20px\" aria-hidden=\"true\" class=\"wp-block-spacer\"><\/div>\n\n\n\n<h3 class=\"wp-block-heading has-text-align-center\" id=\"diese-3-punkte-werden-bei-uns-grossgeschrieben-und-im-alltag-gelebt-durch-die-standige-weiterentwicklung-des-unternehmens-und-dem-willen-unmogliches-moglich-zu-machen-scheuen-wir-keine-herausforderung-und-konnen-auch-aussergewohnliche-wunsche-umsetzen\">These 3 points are very important to us and lived in everyday life. Due to the constant development of our company and the will to make the impossible possible, we do not shy any challenge and can also implement unusual wishes.<\/h3>\n\n\n\n<div style=\"height:20px\" aria-hidden=\"true\" class=\"wp-block-spacer\"><\/div>\n\n\n\n<p class=\"has-text-align-center translation-block\">From industrial companies to small businesses to private individuals, we have made it to our task to guarantee your concerns as quickly as possible and to your complete satisfaction.<\/p>\n\n\n\n<p class=\"has-text-align-center translation-block\">Our strengths do not only lie in the processing of steel. Because of our machinery, we are also able to process stainless steel, copper, brass, aluminium and other materials.<\/p>\n\n\n\n<p class=\"has-text-align-center\">Our range of services extends from heavy steel and special machine construction to the manufacture of spare parts.<\/p>\n\n\n\n<p class=\"has-text-align-center translation-block\"><p style=\"text-align:center\">From planning to production, we are the right contact for you. FerTec stands for competence, quality, innovation and adherence of schedules.\n<br><br>All in all, one thing can be said: Everything comes from a single source!<\/p><\/p>\n\n\n\n<div style=\"height:40px\" aria-hidden=\"true\" class=\"wp-block-spacer\"><\/div>\n\n\n\n<h2 class=\"wp-block-heading has-text-align-center has-color-1-color has-text-color has-x-large-font-size\" id=\"kompetent-losungsorientiert-und-handschlagqualitat\"><strong>Facebook News<\/strong><\/h2>\n\n\n\n<div style=\"height:40px\" aria-hidden=\"true\" class=\"wp-block-spacer\"><\/div>\n\n\n<div  id=\"wpsr-fb-feed-1360\" class=\"wpsr-fb-feed-wrapper wpsr-feed-wrap wpsr_content wpsr-fb-feed-template1 wpsr-fb-timeline_feed   wpsr-fb-feed-template-1360  wpsr-has-equal-height\"   data-column=\"3\"><div class=\"wpsr-loader\">\n        <div class=\"wpsr-spinner-animation\"><\/div>\n    <\/div><div class=\"wpsr-container\">\n<div class=\"wpsr-fb-feed-wrapper-inner\"><div class=\"wpsr-row wpsr-fb-all-feed wpsr_feeds wpsr-column-gap-default\"><\/div><div class=\"wpsr-fb-feed-footer wpsr-fb-feed-follow-button-group wpsr-row\">            <div class=\"wpsr-fb-feed-btn\">\n                <a href=\"\" \n                   target=\"_blank\" \n                   rel=\"noopener noreferrer\"\n                   role=\"button\"\n                   aria-label=\"Like Page\" \n                   class=\"wpsr-fb-like-button\">\n                    <span class=\"wpsr-fb-feed-btn-icon\">\n                      <svg class=\"wpsr-svg-fb-icon\" width=\"12px\" height=\"12px\" viewbox=\"0 0 12 12\" aria-hidden=\"true\" focusable=\"false\">\n                          <path style=\"fill:#4672D2;\" d=\"M10.4,0H1.6C0.7,0,0,0.7,0,1.6v8.8C0,11.3,0.7,12,1.6,12h4.3l0-4.3H4.8c-0.1,0-0.3-0.1-0.3-0.3l0-1.4                              c0-0.1,0.1-0.3,0.3-0.3h1.1V4.5c0-1.5,0.9-2.4,2.3-2.4h1.1c0.1,0,0.3,0.1,0.3,0.3v1.2c0,0.1-0.1,0.3-0.3,0.3l-0.7,0                            C8,3.8,7.8,4.1,7.8,4.6v1.2h1.7c0.2,0,0.3,0.1,0.3,0.3L9.6,7.5c0,0.1-0.1,0.2-0.3,0.2H7.8l0,4.3h2.6c0.9,0,1.6-0.7,1.6-1.6V1.6                              C12,0.7,11.3,0,10.4,0z\"><\/path>\n                      <\/svg>\n                    <\/span>\n                    <span class=\"wpsr-fb-feed-btn-text\">Like Page<\/span>\n                <\/a>\n            <\/div>\n                    <div class=\"wpsr-fb-feed-btn wpsr-ml-15\">\n                <a href=\"\" \n                   target=\"_blank\" \n                   rel=\"noopener noreferrer\" \n                   role=\"button\"\n                   aria-label=\"Teilen\" \n                   class=\"wpsr-fb-feed-btn-share\">\n                     <span class=\"wpsr-fb-feed-btn-icon\">\n                      <svg class=\"wpsr-svg-share-icon\" width=\"12px\" height=\"12px\" viewbox=\"0 0 24 24\" aria-hidden=\"true\" focusable=\"false\">\n                        <path id=\"XMLID_31_\" d=\"M12.7,15.3c-4.5,0.1-8.4,2.5-10.7,6c-0.2,0.3-0.6,0.5-0.9,0.5c-0.1,0-0.2,0-0.3,0c-0.5-0.1-0.8-0.6-0.8-1c0,0,0-0.1,0-0.1c0-7.1,5.7-12.9,12.7-13V5.5c0-0.5,0.3-0.9,0.7-1.1c0.2-0.1,0.4-0.1,0.6-0.1c0.3,0,0.5,0.1,0.7,0.2l8.8,6c0.3,0.2,0.5,0.6,0.5,0.9c0,0.4-0.2,0.7-0.5,1l-8.8,6.1c-0.2,0.2-0.5,0.2-0.7,0.2c-0.2,0-0.4,0-0.6-0.1c-0.4-0.2-0.7-0.7-0.7-1.1V15.3z\"><\/path>\n                      <\/svg>\n                    <\/span>\n                    <span class=\"wpsr-fb-feed-btn-text\">Teilen<\/span>\n                <\/a>\n            <\/div>\n        <\/div><\/div><\/div><\/div>\n\n\n\n<div class=\"wp-block-group alignfull\"><div class=\"wp-block-group__inner-container is-layout-flow wp-block-group-is-layout-flow\"><section id=\"section-1-300\" class=\"ct-section\" ><div class=\"ct-section-inner-wrap\"><div id=\"code_block-2-300\" class=\"ct-code-block\" ><div id=\"topdividerid2\" class=\"topdivider2\"><svg width=\"100%\" height=\"100%\" viewbox=\"0 0 1280 140\" preserveaspectratio=\"none\" xmlns=\"http:\/\/www.w3.org\/2000\/svg\">\n  <g fill=\"#ffffff\">\n  <path d=\"M1280 140V0H0l1280 140z\" \n   fill-opacity=\".4\"\/>\n  <path d=\"M1280 98V0H0l1280 98z\"\/><\/g><\/svg>\n<\/div><\/div><div id=\"new_columns-3-300\" class=\"ct-new-columns\" ><div id=\"div_block-4-300\" class=\"ct-div-block\" ><h2 id=\"headline-5-300\" class=\"ct-headline\">FerTec<\/h2><div id=\"_rich_text-6-300\" class=\"oxy-rich-text\" ><p style=\"text-align: left;\" class=\"translation-block\">The company was founded as a one-man operation in 2013. In the same year we have invested in a new plasma cutting system from the company Messer. Based on the constant increasing order situation, the machine park was expanded in 2015 with a fiber laser system from Amada. Due to the extreme advances in laser technology in recent years, we have decided to switch to the more powerful ENSIS-4020AJ fiber laser system from Amada in 2020. Our company currently employs more than 10 employees.<\/p><\/div><\/div><div id=\"div_block-7-300\" class=\"ct-div-block\" ><div id=\"video-10-300\" class=\"ct-video\" >\n                <div class=\"oxygen-vsb-responsive-video-wrapper\"><iframe  src=\"\" frameborder=\"0\" webkitallowfullscreen mozallowfullscreen allowfullscreen><\/iframe><\/div>\n                <\/div><\/div><\/div><div id=\"code_block-9-300\" class=\"ct-code-block\" ><div id=\"bottomdividerid2\" class=\"bottomdivider2\"><svg width=\"100%\" height=\"100%\" viewbox=\"0 0 1280 140\" preserveaspectratio=\"none\" xmlns=\"http:\/\/www.w3.org\/2000\/svg\">\n  <g fill=\"#ffffff\">\n  <path d=\"M0 0v140h1280L0 0z\" \n   fill-opacity=\".4\"\/>\n  <path d=\"M0 42v98h1280L0 42z\"\/><\/g><\/svg>\n<\/div><\/div><\/div><\/section><\/div><\/div>\n\n\n\n<div style=\"height:50px\" aria-hidden=\"true\" class=\"wp-block-spacer\"><\/div>\n\n\n\n<p class=\"has-text-align-center translation-block\">From development to the finished product, we can cover the entire range of services because of our modern machinery and our qualified specialists. Wether mechanical engineering or steel constructions, with us you are at the right address. \nNearness to our customers is very important to us. Therefoe, we strive to involve our customer from the planning to the completion.<\/p>\n\n\n\n<p class=\"has-text-align-center\"><strong>Planning &amp; Development:<\/strong><br>2D planning, 3D planning, simulations<\/p>\n\n\n\n<p class=\"has-text-align-center\"><strong>Production of the parts:<\/strong><br>Laserschneiden (Laser Cutting Service), Plasmaschneiden, Autogenschneiden, Scherschneiden,\u00a0Drehen,\u00a0Fr\u00e4sen, Stanzen<\/p>\n\n\n\n<p class=\"has-text-align-center\"><strong>Forming &amp; Joining:<\/strong><br>Edging, welding, profile bending, sheet metal rolling, stud welding, deburring.<\/p>\n\n\n\n<p class=\"has-text-align-center\"><strong>Materials:<\/strong><br>Steel, wear steel (Hardox), stainless steel, aluminum, brass, copper, various plastics.<\/p>\n\n\n\n<div style=\"height:50px\" aria-hidden=\"true\" class=\"wp-block-spacer\"><\/div>\n\n\n\n<div class=\"wp-block-group alignfull\"><div class=\"wp-block-group__inner-container is-layout-flow wp-block-group-is-layout-flow\"><section id=\"section-48-179\" class=\"ct-section\" ><div class=\"ct-section-inner-wrap\"><div id=\"code_block-49-179\" class=\"ct-code-block\" ><div id=\"topdividerid2\" class=\"topdivider2\"><svg width=\"100%\" height=\"100%\" viewbox=\"0 0 1280 140\" preserveaspectratio=\"none\" xmlns=\"http:\/\/www.w3.org\/2000\/svg\">\n  <g fill=\"#ffffff\">\n  <path d=\"M1280 140V0H0l1280 140z\" \n   fill-opacity=\".4\"\/>\n  <path d=\"M1280 98V0H0l1280 98z\"\/><\/g><\/svg>\n<\/div><\/div><h3 id=\"headline-46-179\" class=\"ct-headline\">Some of our customers:<\/h3><\/div><\/section><section id=\"section-58-179\" class=\"ct-section\" ><div class=\"ct-section-inner-wrap\"><div id=\"code_block-60-179\" class=\"ct-code-block\" ><div class=\"carousel\" data-flickity='{ \"wrapAround\": true, \"autoPlay\": true }'>\n\t\t\t\t<img decoding=\"async\" class=\"carousel-cell\" src=\"https:\/\/fertec.at\/wp-content\/uploads\/2020\/05\/logo8-150x150.png\" alt=\"\"\/>\n\n\t\t\t\t<img decoding=\"async\" class=\"carousel-cell\" src=\"https:\/\/fertec.at\/wp-content\/uploads\/2020\/05\/logo7-150x150.png\" alt=\"\"\/>\n\n\t\t\t\t<img decoding=\"async\" class=\"carousel-cell\" src=\"https:\/\/fertec.at\/wp-content\/uploads\/2020\/05\/logo6-150x150.png\" alt=\"\"\/>\n\n\t\t\t\t<img decoding=\"async\" class=\"carousel-cell\" src=\"https:\/\/fertec.at\/wp-content\/uploads\/2020\/05\/logo5-150x150.png\" alt=\"\"\/>\n\n\t\t\t\t<img decoding=\"async\" class=\"carousel-cell\" src=\"https:\/\/fertec.at\/wp-content\/uploads\/2020\/05\/logo4-150x150.png\" alt=\"\"\/>\n\n\t\t\t\t<img decoding=\"async\" class=\"carousel-cell\" src=\"https:\/\/fertec.at\/wp-content\/uploads\/2020\/05\/logo2-150x150.png\" alt=\"\"\/>\n\n\t\t\t\t<img decoding=\"async\" class=\"carousel-cell\" src=\"https:\/\/fertec.at\/wp-content\/uploads\/2020\/05\/logo1-150x150.png\" alt=\"\"\/>\n\n\t\t\t\t<img decoding=\"async\" class=\"carousel-cell\" src=\"https:\/\/fertec.at\/wp-content\/uploads\/2020\/06\/logo3-mbu-150x150.png\" alt=\"\"\/>\n\n\t\t\t\t<img decoding=\"async\" class=\"carousel-cell\" src=\"https:\/\/fertec.at\/wp-content\/uploads\/2022\/05\/regelkreis_banner_start-150x150.jpg\" alt=\"\"\/>\n\n\t\t\t\t<img decoding=\"async\" class=\"carousel-cell\" src=\"https:\/\/fertec.at\/wp-content\/uploads\/2022\/06\/Koller-150x150.jpg\" alt=\"\"\/>\n\n\t\t\t\t<img decoding=\"async\" class=\"carousel-cell\" src=\"https:\/\/fertec.at\/wp-content\/uploads\/2022\/06\/Trixl--150x150.jpg\" alt=\"\"\/>\n\n\t\t\t\t<img decoding=\"async\" class=\"carousel-cell\" src=\"https:\/\/fertec.at\/wp-content\/uploads\/2022\/06\/EH-150x150.jpg\" alt=\"\"\/>\n\n\t\t\t\t<img decoding=\"async\" class=\"carousel-cell\" src=\"https:\/\/fertec.at\/wp-content\/uploads\/2022\/06\/Prinoth-150x150.jpg\" alt=\"\"\/>\n\n\t\t\t\t<img decoding=\"async\" class=\"carousel-cell\" src=\"https:\/\/fertec.at\/wp-content\/uploads\/2022\/06\/Profipack-150x150.jpg\" alt=\"\"\/>\n\n\t\t\t\t<img decoding=\"async\" class=\"carousel-cell\" src=\"https:\/\/fertec.at\/wp-content\/uploads\/2022\/06\/MBM-150x150.jpg\" alt=\"\"\/>\n\n\t\t\t\t<img decoding=\"async\" class=\"carousel-cell\" src=\"https:\/\/fertec.at\/wp-content\/uploads\/2022\/06\/Oberleitner-150x150.jpg\" alt=\"\"\/>\n\n\t\t\t\t<img decoding=\"async\" class=\"carousel-cell\" src=\"https:\/\/fertec.at\/wp-content\/uploads\/2022\/06\/Saenger-150x150.jpg\" alt=\"\"\/>\n\n\t\t\t\t<img decoding=\"async\" class=\"carousel-cell\" src=\"https:\/\/fertec.at\/wp-content\/uploads\/2022\/06\/Nothegger-150x150.jpg\" alt=\"\"\/>\n\n\t<\/div><\/div><div id=\"div_block-62-179\" class=\"ct-div-block carousel-cell\" ><\/div><\/div><\/section><\/div><\/div>","protected":false},"excerpt":{"rendered":"<p>Kompetent, L\u00f6sungsorientiert und Handschlagqualit\u00e4t. Diese 3 Punkte werden bei uns gro\u00dfgeschrieben und im Alltag gelebt. Durch die st\u00e4ndige Weiterentwicklung des Unternehmens und dem Willen Unm\u00f6gliches m\u00f6glich zu machen, scheuen wir keine Herausforderung und k\u00f6nnen auch au\u00dfergew\u00f6hnliche W\u00fcnsche umsetzen. Von Industriebetrieben \u00fcber&nbsp;Kleinunternehmen bis hin zu Privatpersonen haben wir es uns zur Aufgabe gemacht, ihre Anliegen schnellstm\u00f6glich [&hellip;]<\/p>\n","protected":false},"author":1,"featured_media":0,"parent":0,"menu_order":0,"comment_status":"closed","ping_status":"closed","template":"","meta":{"_acf_changed":false,"footnotes":""},"categories":[],"tags":[],"class_list":["post-10","page","type-page","status-publish","hentry"],"acf":[],"_links":{"self":[{"href":"https:\/\/fertec.at\/en\/wp-json\/wp\/v2\/pages\/10","targetHints":{"allow":["GET"]}}],"collection":[{"href":"https:\/\/fertec.at\/en\/wp-json\/wp\/v2\/pages"}],"about":[{"href":"https:\/\/fertec.at\/en\/wp-json\/wp\/v2\/types\/page"}],"author":[{"embeddable":true,"href":"https:\/\/fertec.at\/en\/wp-json\/wp\/v2\/users\/1"}],"replies":[{"embeddable":true,"href":"https:\/\/fertec.at\/en\/wp-json\/wp\/v2\/comments?post=10"}],"version-history":[{"count":116,"href":"https:\/\/fertec.at\/en\/wp-json\/wp\/v2\/pages\/10\/revisions"}],"predecessor-version":[{"id":1380,"href":"https:\/\/fertec.at\/en\/wp-json\/wp\/v2\/pages\/10\/revisions\/1380"}],"wp:attachment":[{"href":"https:\/\/fertec.at\/en\/wp-json\/wp\/v2\/media?parent=10"}],"wp:term":[{"taxonomy":"category","embeddable":true,"href":"https:\/\/fertec.at\/en\/wp-json\/wp\/v2\/categories?post=10"},{"taxonomy":"post_tag","embeddable":true,"href":"https:\/\/fertec.at\/en\/wp-json\/wp\/v2\/tags?post=10"}],"curies":[{"name":"wp","href":"https:\/\/api.w.org\/{rel}","templated":true}]}}