{"id":132,"date":"2020-05-25T11:23:22","date_gmt":"2020-05-25T09:23:22","guid":{"rendered":"https:\/\/fertec.at\/?page_id=132"},"modified":"2022-04-06T08:15:21","modified_gmt":"2022-04-06T06:15:21","slug":"angebot","status":"publish","type":"page","link":"https:\/\/fertec.at\/en\/angebot\/","title":{"rendered":"Offer"},"content":{"rendered":"\n<div class=\"wp-block-group alignfull\"><div class=\"wp-block-group__inner-container is-layout-flow wp-block-group-is-layout-flow\"><section id=\"section-1-322\" class=\" ct-section\" ><div class=\"ct-section-inner-wrap\"><div id=\"_rich_text-2-322\" class=\"oxy-rich-text\" ><h1 style=\"text-align: center;\">Angebot anfordern<\/h1><\/div><\/div><\/section><\/div><\/div>\n\n\n\n<div style=\"height:20px\" aria-hidden=\"true\" class=\"wp-block-spacer\"><\/div>\n\n\n\n<p><\/p>\n\n\n\n<div style=\"height:40px\" aria-hidden=\"true\" class=\"wp-block-spacer\"><\/div>\n\n\n<div class='fluentform ff-default fluentform_wrapper_1  ff_guten_block ff_guten_block-1 &quot;ffs_bootstrap&quot;_wrap'><form data-form_id=\"1\" id=\"fluentform_1\" class=\"frm-fluent-form fluent_form_1 ff-el-form-top ff_form_instance_1_1 ff-form-loading &quot;ffs_bootstrap&quot;\" data-form_instance=\"ff_form_instance_1_1\" method=\"POST\" ><fieldset  style=\"border: none!important;margin: 0!important;padding: 0!important;background-color: transparent!important;box-shadow: none!important;outline: none!important; min-inline-size: 100%;\">\n                    <legend class=\"ff_screen_reader_title\" style=\"display: block; margin: 0!important;padding: 0!important;height: 0!important;text-indent: -999999px;width: 0!important;overflow:hidden;\">Angebot<\/legend><p style=\"display: none !important;\" class=\"akismet-fields-container\" data-prefix=\"ak_\"><label>&#916;<textarea name=\"ak_hp_textarea\" cols=\"45\" rows=\"8\" maxlength=\"100\"><\/textarea><\/label><input type=\"hidden\" id=\"ak_js_1\" name=\"ak_js\" value=\"118\"\/><script type=\"text\/javascript\">\n\/* <![CDATA[ *\/\ndocument.getElementById( \"ak_js_1\" ).setAttribute( \"value\", ( new Date() ).getTime() );\n\/* ]]> *\/\n<\/script>\n<\/p><input type='hidden' name='__fluent_form_embded_post_id' value='132' \/><input type=\"hidden\" id=\"_fluentform_1_fluentformnonce\" name=\"_fluentform_1_fluentformnonce\" value=\"ecfa4bd498\" \/><input type=\"hidden\" name=\"_wp_http_referer\" value=\"\/en\/wp-json\/wp\/v2\/pages\/132\" \/><div data-type=\"name-element\" data-name=\"names\" class=\" ff-field_container ff-name-field-wrapper\" ><div class='ff-t-container'><div class='ff-t-cell '><div class='ff-el-group  ff-el-form-top'><div class='ff-el-input--content'><input type=\"text\" name=\"names[first_name]\" id=\"ff_1_names_first_name_\" class=\"ff-el-form-control\" placeholder=\"Vorname\" aria-invalid=\"false\" aria-required=false><\/div><\/div><\/div><div class='ff-t-cell '><div class='ff-el-group  ff-el-form-top'><div class='ff-el-input--content'><input type=\"text\" name=\"names[last_name]\" id=\"ff_1_names_last_name_\" class=\"ff-el-form-control\" placeholder=\"Nachname\" aria-invalid=\"false\" aria-required=false><\/div><\/div><\/div><\/div><\/div><div data-name=\"ff_cn_id_1\"  class='ff-t-container ff-column-container ff_columns_total_2 '><div class='ff-t-cell ff-t-column-1' style='flex-basis: 50%;'><div class='ff-el-group ff-el-form-hide_label'><div class=\"ff-el-input--label asterisk-left\"><label for='ff_1_email' id='label_ff_1_email' aria-label=\"Email\">Email<\/label><\/div><div class='ff-el-input--content'><input type=\"email\" name=\"email\" id=\"ff_1_email\" class=\"ff-el-form-control\" placeholder=\"Email\" data-name=\"email\"  aria-invalid=\"false\" aria-required=false><\/div><\/div><\/div><div class='ff-t-cell ff-t-column-2' style='flex-basis: 50%;'><div class='ff-el-group ff-el-form-hide_label'><div class=\"ff-el-input--label asterisk-left\"><label for='ff_1_phone' id='label_ff_1_phone' aria-label=\"Telefon\">Telefon<\/label><\/div><div class='ff-el-input--content'><input name=\"phone\" class=\"ff-el-form-control ff-el-phone\" type=\"tel\" placeholder=\"Telefon\" data-name=\"phone\" id=\"ff_1_phone\" inputmode=\"tel\"  aria-invalid='false' aria-required=false><\/div><\/div><\/div><\/div><div data-name=\"ff_cn_id_2\"  class='ff-t-container ff-column-container ff_columns_total_2 '><div class='ff-t-cell ff-t-column-1' style='flex-basis: 50%;'><div class='ff-el-group  ff-custom_html' tabindex='-1' data-name=\"custom_html-1_1\" ><p>F\u00fcr ein <strong>Angebot<\/strong> k\u00f6nnen Sie eine CAD Datei uploaden (PDF, DXF)<br \/>Gr\u00f6\u00dfere Dateianh\u00e4nge bis 2 GB bitte mittels <a href=\"https:\/\/wetransfer.com\" target=\"_blank\" rel=\"noopener\"><em><strong>WETRANSFER<\/strong><\/em><\/a> \u00fcbermitteln!<strong><br \/><\/strong><\/p><\/div><\/div><div class='ff-t-cell ff-t-column-2' style='flex-basis: 50%;'><div class='ff-el-group ff-el-form-hide_label'><div class=\"ff-el-input--label asterisk-left\"><label for='ff_1_file-upload_1' id='label_ff_1_file-upload_1' aria-label=\"Datei hochladen\">Datei hochladen<\/label><\/div><div class='ff-el-input--content'><label for='ff_1_file-upload_1' class='ff_file_upload_holder'><span class='ff_upload_btn ff-btn' tabindex='0'>Datei ausw\u00e4hlen<\/span> <input type=\"file\" name=\"file-upload\" id=\"ff_1_file-upload_1\" class=\"ff-el-form-control  ff-screen-reader-element\" data-name=\"file-upload\" multiple=\"1\"  aria-invalid='false' aria-required=false><\/label><\/div><\/div><\/div><\/div><div class='ff-el-group ff-el-form-hide_label'><div class=\"ff-el-input--label asterisk-left\"><label for='ff_1_description' id='label_ff_1_description' aria-label=\"Nachricht\">Nachricht<\/label><\/div><div class='ff-el-input--content'><textarea aria-required=\"false\" aria-labelledby=\"label_ff_1_description\" name=\"description\" id=\"ff_1_description\" class=\"ff-el-form-control\" placeholder=\"Nachricht\" rows=\"5\" cols=\"2\" data-name=\"description\" ><\/textarea><\/div><\/div><div class='ff-el-group ff-text-left ff_submit_btn_wrapper ff_submit_btn_wrapper_custom'><button class=\"ff-btn ff-btn-submit ff-btn-lg ff_btn_style wpf_has_custom_css\" type=\"submit\" name=\"custom_submit_button-1_2\" data-name=\"custom_submit_button-1_2\"  aria-label=\"Senden\">Senden<\/button><style>form.fluent_form_1 .wpf_has_custom_css.ff-btn-submit { background-color:rgba(30, 77, 155, 1);color:#ffffff;min-width:100%; }form.fluent_form_1 .wpf_has_custom_css.ff-btn-submit:hover { background-color:rgba(51, 51, 51, 1);color:#FFFFFF;min-width:100%; } <\/style><\/div><\/fieldset><\/form><div id='fluentform_1_errors' class='ff-errors-in-stack ff_form_instance_1_1 ff-form-loading_errors ff_form_instance_1_1_errors'><\/div><\/div>            <script type=\"text\/javascript\">\n                window.fluent_form_ff_form_instance_1_1 = {\"id\":\"1\",\"ajaxUrl\":\"https:\\\/\\\/fertec.at\\\/wp-admin\\\/admin-ajax.php\",\"settings\":{\"layout\":{\"labelPlacement\":\"top\",\"helpMessagePlacement\":\"with_label\",\"errorMessagePlacement\":\"inline\",\"asteriskPlacement\":\"asterisk-left\"},\"id\":\"1\",\"restrictions\":{\"denyEmptySubmission\":{\"enabled\":false}}},\"form_instance\":\"ff_form_instance_1_1\",\"form_id_selector\":\"fluentform_1\",\"rules\":{\"names[first_name]\":{\"required\":{\"value\":false,\"message\":\"This field is required\"}},\"names[middle_name]\":{\"required\":{\"value\":false,\"message\":\"This field is required\"}},\"names[last_name]\":{\"required\":{\"value\":false,\"message\":\"This field is required\"}},\"email\":{\"required\":{\"value\":false,\"message\":\"This field is required\"},\"email\":{\"value\":true,\"message\":\"This field must contain a valid email\"}},\"phone\":{\"required\":{\"value\":false,\"message\":\"This field is required\"},\"valid_phone_number\":{\"value\":false,\"message\":\"Phone number is not valid\"}},\"file-upload\":{\"required\":{\"value\":false,\"message\":\"This field is required\"},\"max_file_size\":{\"value\":5242880,\"_valueFrom\":\"MB\",\"message\":\"Das Datei Limit betr\\u00e4gt 5MB\"},\"max_file_count\":{\"value\":\"5\",\"message\":\"Sie k\\u00f6nnen maximal 5 Dateien hochladen\"},\"allowed_file_types\":{\"value\":[\"jpg|jpeg|gif|png|bmp\",\"pdf\",\"doc|ppt|pps|xls|mdb|docx|xlsx|pptx|odt|odp|ods|odg|odc|odb|odf|rtf|txt\",\"zip|gz|gzip|rar|7z\",\"exe\",\"csv\"],\"message\":\"Invalid file type\"}},\"description\":{\"required\":{\"value\":false,\"message\":\"This field is required\"}}},\"debounce_time\":300};\n                            <\/script>\n            \n\n\n<div style=\"height:50px\" aria-hidden=\"true\" class=\"wp-block-spacer\"><\/div>\n\n\n\n<div class=\"wp-block-image\"><figure class=\"aligncenter size-large\"><img loading=\"lazy\" decoding=\"async\" width=\"1000\" height=\"247\" src=\"https:\/\/fertec.at\/wp-content\/uploads\/2020\/06\/Fertec-1090-EXC2-3834-3_1000px.png\" alt=\"\" class=\"wp-image-668\" srcset=\"https:\/\/fertec.at\/wp-content\/uploads\/2020\/06\/Fertec-1090-EXC2-3834-3_1000px.png 1000w, https:\/\/fertec.at\/wp-content\/uploads\/2020\/06\/Fertec-1090-EXC2-3834-3_1000px-300x74.png 300w, https:\/\/fertec.at\/wp-content\/uploads\/2020\/06\/Fertec-1090-EXC2-3834-3_1000px-768x190.png 768w\" sizes=\"auto, (max-width: 1000px) 100vw, 1000px\" \/><\/figure><\/div>\n\n\n\n<div style=\"height:50px\" aria-hidden=\"true\" class=\"wp-block-spacer\"><\/div>\n\n\n\n<div class=\"wp-block-group alignfull\"><div class=\"wp-block-group__inner-container is-layout-flow wp-block-group-is-layout-flow\"><section id=\"section-48-179\" class=\" ct-section\" ><div class=\"ct-section-inner-wrap\"><div id=\"code_block-49-179\" class=\"ct-code-block\" ><div id=\"topdividerid2\" class=\"topdivider2\"><svg width=\"100%\" height=\"100%\" viewBox=\"0 0 1280 140\" preserveAspectRatio=\"none\" xmlns=\"http:\/\/www.w3.org\/2000\/svg\">\n  <g fill=\"#ffffff\">\n  <path d=\"M1280 140V0H0l1280 140z\" \n   fill-opacity=\".4\"\/>\n  <path d=\"M1280 98V0H0l1280 98z\"\/><\/g><\/svg>\n<\/div><\/div><h3 id=\"headline-46-179\" class=\"ct-headline\">Einige unserer Kunden<\/h3><\/div><\/section><section id=\"section-58-179\" class=\" ct-section\" ><div class=\"ct-section-inner-wrap\"><div id=\"code_block-60-179\" class=\"ct-code-block \" ><div class=\"carousel\" data-flickity='{ \"wrapAround\": true, \"autoPlay\": true }'>\n\t\t\t\t<img decoding=\"async\" class=\"carousel-cell\" src=\"https:\/\/fertec.at\/wp-content\/uploads\/2020\/05\/logo8-150x150.png\" alt=\"\"\/>\n\n\t\t\t\t<img decoding=\"async\" class=\"carousel-cell\" src=\"https:\/\/fertec.at\/wp-content\/uploads\/2020\/05\/logo7-150x150.png\" alt=\"\"\/>\n\n\t\t\t\t<img decoding=\"async\" class=\"carousel-cell\" src=\"https:\/\/fertec.at\/wp-content\/uploads\/2020\/05\/logo6-150x150.png\" alt=\"\"\/>\n\n\t\t\t\t<img decoding=\"async\" class=\"carousel-cell\" src=\"https:\/\/fertec.at\/wp-content\/uploads\/2020\/05\/logo5-150x150.png\" alt=\"\"\/>\n\n\t\t\t\t<img decoding=\"async\" class=\"carousel-cell\" src=\"https:\/\/fertec.at\/wp-content\/uploads\/2020\/05\/logo4-150x150.png\" alt=\"\"\/>\n\n\t\t\t\t<img decoding=\"async\" class=\"carousel-cell\" src=\"https:\/\/fertec.at\/wp-content\/uploads\/2020\/05\/logo2-150x150.png\" alt=\"\"\/>\n\n\t\t\t\t<img decoding=\"async\" class=\"carousel-cell\" src=\"https:\/\/fertec.at\/wp-content\/uploads\/2020\/05\/logo1-150x150.png\" alt=\"\"\/>\n\n\t\t\t\t<img decoding=\"async\" class=\"carousel-cell\" src=\"https:\/\/fertec.at\/wp-content\/uploads\/2020\/06\/logo3-mbu-150x150.png\" alt=\"\"\/>\n\n\t\t\t\t<img decoding=\"async\" class=\"carousel-cell\" src=\"https:\/\/fertec.at\/wp-content\/uploads\/2022\/05\/regelkreis_banner_start-150x150.jpg\" alt=\"\"\/>\n\n\t\t\t\t<img decoding=\"async\" class=\"carousel-cell\" src=\"https:\/\/fertec.at\/wp-content\/uploads\/2022\/06\/Koller-150x150.jpg\" alt=\"\"\/>\n\n\t\t\t\t<img decoding=\"async\" class=\"carousel-cell\" src=\"https:\/\/fertec.at\/wp-content\/uploads\/2022\/06\/Trixl--150x150.jpg\" alt=\"\"\/>\n\n\t\t\t\t<img decoding=\"async\" class=\"carousel-cell\" src=\"https:\/\/fertec.at\/wp-content\/uploads\/2022\/06\/EH-150x150.jpg\" alt=\"\"\/>\n\n\t\t\t\t<img decoding=\"async\" class=\"carousel-cell\" src=\"https:\/\/fertec.at\/wp-content\/uploads\/2022\/06\/Prinoth-150x150.jpg\" alt=\"\"\/>\n\n\t\t\t\t<img decoding=\"async\" class=\"carousel-cell\" src=\"https:\/\/fertec.at\/wp-content\/uploads\/2022\/06\/Profipack-150x150.jpg\" alt=\"\"\/>\n\n\t\t\t\t<img decoding=\"async\" class=\"carousel-cell\" src=\"https:\/\/fertec.at\/wp-content\/uploads\/2022\/06\/MBM-150x150.jpg\" alt=\"\"\/>\n\n\t\t\t\t<img decoding=\"async\" class=\"carousel-cell\" src=\"https:\/\/fertec.at\/wp-content\/uploads\/2022\/06\/Oberleitner-150x150.jpg\" alt=\"\"\/>\n\n\t\t\t\t<img decoding=\"async\" class=\"carousel-cell\" src=\"https:\/\/fertec.at\/wp-content\/uploads\/2022\/06\/Saenger-150x150.jpg\" alt=\"\"\/>\n\n\t\t\t\t<img decoding=\"async\" class=\"carousel-cell\" src=\"https:\/\/fertec.at\/wp-content\/uploads\/2022\/06\/Nothegger-150x150.jpg\" alt=\"\"\/>\n\n\t<\/div><\/div><div id=\"div_block-62-179\" class=\"ct-div-block carousel-cell\" ><\/div><\/div><\/section><\/div><\/div>\n","protected":false},"excerpt":{"rendered":"","protected":false},"author":1,"featured_media":163,"parent":0,"menu_order":0,"comment_status":"closed","ping_status":"closed","template":"","meta":{"_acf_changed":false,"footnotes":""},"categories":[],"tags":[],"class_list":["post-132","page","type-page","status-publish","has-post-thumbnail","hentry"],"acf":[],"_links":{"self":[{"href":"https:\/\/fertec.at\/en\/wp-json\/wp\/v2\/pages\/132","targetHints":{"allow":["GET"]}}],"collection":[{"href":"https:\/\/fertec.at\/en\/wp-json\/wp\/v2\/pages"}],"about":[{"href":"https:\/\/fertec.at\/en\/wp-json\/wp\/v2\/types\/page"}],"author":[{"embeddable":true,"href":"https:\/\/fertec.at\/en\/wp-json\/wp\/v2\/users\/1"}],"replies":[{"embeddable":true,"href":"https:\/\/fertec.at\/en\/wp-json\/wp\/v2\/comments?post=132"}],"version-history":[{"count":17,"href":"https:\/\/fertec.at\/en\/wp-json\/wp\/v2\/pages\/132\/revisions"}],"predecessor-version":[{"id":909,"href":"https:\/\/fertec.at\/en\/wp-json\/wp\/v2\/pages\/132\/revisions\/909"}],"wp:featuredmedia":[{"embeddable":true,"href":"https:\/\/fertec.at\/en\/wp-json\/wp\/v2\/media\/163"}],"wp:attachment":[{"href":"https:\/\/fertec.at\/en\/wp-json\/wp\/v2\/media?parent=132"}],"wp:term":[{"taxonomy":"category","embeddable":true,"href":"https:\/\/fertec.at\/en\/wp-json\/wp\/v2\/categories?post=132"},{"taxonomy":"post_tag","embeddable":true,"href":"https:\/\/fertec.at\/en\/wp-json\/wp\/v2\/tags?post=132"}],"curies":[{"name":"wp","href":"https:\/\/api.w.org\/{rel}","templated":true}]}}