{"id":16,"date":"2020-05-24T16:17:30","date_gmt":"2020-05-24T14:17:30","guid":{"rendered":"https:\/\/fertec.at\/?page_id=16"},"modified":"2025-01-09T10:55:51","modified_gmt":"2025-01-09T09:55:51","slug":"impressum","status":"publish","type":"page","link":"https:\/\/fertec.at\/en\/impressum\/","title":{"rendered":"Imprint"},"content":{"rendered":"<h1 class=\"wp-block-heading has-color-1-color has-text-color\" id=\"impressum\">Imprint<\/h1>\n\n\n\n<p><strong>Responsible for the content:<\/strong><\/p>\n\n\n\n<p>FERTEC Metalltechnik GmbH<br>General manager Christian D\u00f6dlinger<\/p>\n\n\n\n<p>Pass Grie\u00dfen Stra\u00dfe 5<br>6395 Hochfilzen<br>Tirol - \u00d6sterreich<\/p>\n\n\n\n<p><a href=\"mailto:office@fertec.at\">office@fertec.at<\/a><br><a href=\"tel:+43535920123\">+43 5359 20 123<\/a><\/p>\n\n\n\n<hr class=\"wp-block-separator has-text-color has-color-1-color has-css-opacity has-color-1-background-color has-background is-style-wide\"\/>\n\n\n\n<p><strong>Design, implementation, hosting:<\/strong><\/p>\n\n\n\n<figure class=\"wp-block-image size-large is-resized\"><a href=\"https:\/\/klubarbeit.net\/\" target=\"_blank\" rel=\"noreferrer noopener\"><img loading=\"lazy\" decoding=\"async\" width=\"835\" height=\"153\" src=\"https:\/\/fertec.at\/wp-content\/uploads\/2020\/06\/logo-klubarbeit-web-video-audio-2.png\" alt=\"\" class=\"wp-image-488\" style=\"width:209px;height:38px\" srcset=\"https:\/\/fertec.at\/wp-content\/uploads\/2020\/06\/logo-klubarbeit-web-video-audio-2.png 835w, https:\/\/fertec.at\/wp-content\/uploads\/2020\/06\/logo-klubarbeit-web-video-audio-2-300x55.png 300w, https:\/\/fertec.at\/wp-content\/uploads\/2020\/06\/logo-klubarbeit-web-video-audio-2-768x141.png 768w\" sizes=\"auto, (max-width: 835px) 100vw, 835px\" \/><\/a><\/figure>\n\n\n\n<p>klubarbeit.net - Ihr starker Partner im WEB<br>Internet, EDV, Medien Dienstleistungen<\/p>\n\n\n\n<p><a href=\"mailto:support@klubarbeit.net\" class=\"rank-math-link\"><strong>support@klubarbeit.net<\/strong><\/a><\/p>\n\n\n\n<hr class=\"wp-block-separator has-text-color has-color-1-color has-css-opacity has-color-1-background-color has-background is-style-wide\"\/>\n\n\n\n<div style=\"height:20px\" aria-hidden=\"true\" class=\"wp-block-spacer\"><\/div>\n\n\n\n<p>Photos: Mike J\u00f6bstl \/ klubarbeit.net, FERTEC<\/p>","protected":false},"excerpt":{"rendered":"<p>Impressum Verantwortlich f\u00fcr den Inhalt: FERTEC Metalltechnik GmbHGesch\u00e4ftsf\u00fchrer Christian D\u00f6dlinger Pass Grie\u00dfen Stra\u00dfe 56395 HochfilzenTirol - \u00d6sterreich office@fertec.at+43 5359 20 123 Design, Umsetzung, Hosting: klubarbeit.net - Ihr starker Partner im WEBInternet, EDV, Medien Dienstleistungen support@klubarbeit.net Bilder: Mike J\u00f6bstl \/ klubarbeit.net, FERTEC<\/p>","protected":false},"author":1,"featured_media":158,"parent":0,"menu_order":0,"comment_status":"closed","ping_status":"closed","template":"","meta":{"_acf_changed":false,"footnotes":""},"categories":[],"tags":[],"class_list":["post-16","page","type-page","status-publish","has-post-thumbnail","hentry"],"acf":[],"_links":{"self":[{"href":"https:\/\/fertec.at\/en\/wp-json\/wp\/v2\/pages\/16","targetHints":{"allow":["GET"]}}],"collection":[{"href":"https:\/\/fertec.at\/en\/wp-json\/wp\/v2\/pages"}],"about":[{"href":"https:\/\/fertec.at\/en\/wp-json\/wp\/v2\/types\/page"}],"author":[{"embeddable":true,"href":"https:\/\/fertec.at\/en\/wp-json\/wp\/v2\/users\/1"}],"replies":[{"embeddable":true,"href":"https:\/\/fertec.at\/en\/wp-json\/wp\/v2\/comments?post=16"}],"version-history":[{"count":17,"href":"https:\/\/fertec.at\/en\/wp-json\/wp\/v2\/pages\/16\/revisions"}],"predecessor-version":[{"id":1691,"href":"https:\/\/fertec.at\/en\/wp-json\/wp\/v2\/pages\/16\/revisions\/1691"}],"wp:featuredmedia":[{"embeddable":true,"href":"https:\/\/fertec.at\/en\/wp-json\/wp\/v2\/media\/158"}],"wp:attachment":[{"href":"https:\/\/fertec.at\/en\/wp-json\/wp\/v2\/media?parent=16"}],"wp:term":[{"taxonomy":"category","embeddable":true,"href":"https:\/\/fertec.at\/en\/wp-json\/wp\/v2\/categories?post=16"},{"taxonomy":"post_tag","embeddable":true,"href":"https:\/\/fertec.at\/en\/wp-json\/wp\/v2\/tags?post=16"}],"curies":[{"name":"wp","href":"https:\/\/api.w.org\/{rel}","templated":true}]}}